{"id":112,"date":"2019-03-21T16:08:39","date_gmt":"2019-03-21T16:08:39","guid":{"rendered":"http:\/\/thecenterforcompetitiveness.org\/?page_id=112"},"modified":"2022-01-20T03:35:49","modified_gmt":"2022-01-20T03:35:49","slug":"nuestra-institucion","status":"publish","type":"page","link":"https:\/\/thecenterforcompetitiveness.org\/index.php\/nuestra-institucion\/","title":{"rendered":"ENSE\u00d1ANDO A LAS COMUNIDADES POBRES A PESCAR DESARROLLO"},"content":{"rendered":"\n<p style=\"font-size:32px;text-align:center\"><strong>Adem\u00e1s de nuestro aporte al desarrollo empresarial, tenemos un conjunto de actividades gratuitas y un programa especializado en dar apoyo a las comunidades vulnerables, en su lucha contra la pobreza. Nuestro programa: \u201cEnse\u00f1ando a las Comunidades Pobres a Pescar Desarrollo\u201d, utiliza nuestra metodolog\u00eda y da herramientas a estos grupos sociales, para crecer a nivel individual y colectivo e  impulsar de forma autogestionada y recursos propios, programas de mejoramiento comunitario. <\/strong><\/p>\n\n\n\n<hr class=\"wp-block-separator\"\/>\n\n\n\n<p style=\"font-size:24px;text-align:center\"><strong>\u201cEnse\u00f1ando a las comunidades vulnerables a Pescar Desarrollo\u201d, es un programa innovador, \u00fanico en Colombia, que tiene como objetivo crear comunidades comprometidas con su mejoramiento econ\u00f3mico y social, mediante autogesti\u00f3n, lo cual logramos, mediante inducir en ellos los Modelos Mentales-Circuitos Neuronales de la Competitividad. <\/strong><\/p>\n\n\n\n<p style=\"font-size:24px;text-align:center\"><strong>Este programa, resultado de 30 a\u00f1os de investigaciones y desarrollos experimentales, ha beneficiado da varias decenas de miles de atlanticences de las comunidades vulnerables, de forma directa en programas de capacitaci\u00f3n y de forma indirecta, por las actividades y gestiones de beneficio comunitario que han desarrollado los beneficiarios de nuestros cursos y capacitaciones.  Adem\u00e1s de los importantes avances que se han producido en muchos barrios, como puede verse en videos de este website, en municipios como Galapa y Usiacur\u00ed, por ejemplo, se han desarrollado  alianzas entre organizaciones sociales y Juntas de  Acci\u00f3n Comunal para ejecutar acciones de mejoramiento de sus municipios, con base en sus propios recursos y autogesti\u00f3n, los cuales est\u00e1n teniendo un importante impacto.  <\/strong><\/p>\n\n\n\n<p style=\"font-size:24px;text-align:center\"><strong>El programa est\u00e1 basado en el estado de las artes de la Sicolog\u00eda, la Neurolog\u00eda, la Sociolog\u00eda, la Competitividad y el Liderazgo. Impulsa el desarrollo de las comunidades, Juntas de Acci\u00f3n Comunal, Cooperativas y otras organizaciones de base. Crea en ellas las competencias, para que de forma proactiva y aut\u00f3noma, conciban e impulsen, acciones y proyectos, en \u00e1reas como: a) mejoramiento de sus comunidades b) generaci\u00f3n de ingresos y elevaci\u00f3n de calidad de vida c) veedur\u00edas anti-corrupci\u00f3n d) participaci\u00f3n ciudadana e) convivencia pac\u00edfica f) planeaci\u00f3n participativa y g) mejoramiento de la seguridad. El Capital Social que creamos con base en los Modelos Mentales-Circuitos Neuronales de la Competitividad, permite que nuestras comunidades beneficiarias, produzcan\u00a0 resultados sostenibles en el largo plazo y solventen numerosas necesidades del postconflicto en Colombia. <\/strong><\/p>\n\n\n\n<p style=\"font-size:24px;text-align:center\"> <strong>El programa se inici\u00f3 en los barrios de Barranquilla y a partir del 2013, se extendi\u00f3 a los municipios del Departamento, en alianza con la Gobernaci\u00f3n. Los beneficios y resultados hasta ahora, muestran que la ejecuci\u00f3n de este programa es de muy elevada calidad. Y en su ejecuci\u00f3n se han efectuado numerosos programas de capacitaci\u00f3n en 19 municipios, lo  cual ha impulsado procesos de gran trascendencia. Por esta raz\u00f3n un grueso n\u00famero de los beneficiarios, han enviado m\u00e1s de 40 documentos a los organismos del Estado para solicitar que este programa se replique y se masifique en el departamento del Atl\u00e1ntico, inclusive, que se convierta en pol\u00edtica p\u00fablica.  <\/strong><\/p>\n\n\n\n<p style=\"font-size:24px;text-align:center\"><strong>Nuestra metodolog\u00eda crea en las organizaciones de la Sociedad Civil, las competencias para que de forma proactiva y aut\u00f3noma, conciban e impulsen programas para el mejoramiento de la democracia, de sus ingresos y su calidad de vida, la convivencia pac\u00edfica, de lucha contra la corrupci\u00f3n, la participaci\u00f3n ciudadana, y la planeaci\u00f3n participativa, lo cual  es vital para el post conflicto.<\/strong><\/p>\n\n\n\n<p style=\"font-size:24px;text-align:center\"><strong>Trabajamos con Juntas de Acci\u00f3n Comunal, las cuales, de acuerdo a la ley 743 del 2002, son elegidas por las comunidades en todos los municipios, corregimientos y veredas de Colombia y con cooperativas del sector agropecuario, fundaciones, asociaciones y otras organizaciones de base. <\/strong><\/p>\n\n\n\n<p style=\"font-size:23px;text-align:center\"><strong>Las Juntas de Acci\u00f3n Comunal tienen un marco legal, que las define y les da condiciones homog\u00e9neas a nivel nacional, lo cual permite f\u00e1cilmente replicar programas dirigidos a ellas. Esta ley las considera los motores del desarrollo de numerosas comunidades. Indica en su art\u00edculo 6o. que son:<\/strong><\/p>\n\n\n\n<p style=\"font-size:24px;text-align:center\"><em>\u201d<strong>\u2026.una expresi\u00f3n social organizada, aut\u00f3noma y solidaria de la sociedad civil, cuyo prop\u00f3sito es promover un desarrollo integral, sostenible y sustentable, construido a partir del ejercicio de la democracia participativa en la gesti\u00f3n del desarrollo de la comunidad.\u201d<\/strong><a href=\"#_ftn1\"><strong>[1]<\/strong><\/a><\/em><\/p>\n\n\n\n<p style=\"font-size:24px;text-align:center\"><strong>Donde existen organizaciones bien constituidas y consolidadas, se promueve la democracia, se lucha por una adecuada utilizaci\u00f3n de los recursos p\u00fablicos y en contra de la corrupci\u00f3n, se impulsa adecuadamente el desarrollo econ\u00f3mico y social y se desarrolla Planeaci\u00f3n Participativa. Como consecuencia se promueve el desarrollo econ\u00f3mico y social.<\/strong><\/p>\n\n\n\n<p style=\"font-size:24px;text-align:center\"><strong>\u00bfPORQUE ES IMPORTANTE EL FORTALECIMIENTO DE ESTAS ORGANIZACIONES?<\/strong><\/p>\n\n\n\n<p style=\"font-size:24px;text-align:center\"><strong>Las Juntas de Acci\u00f3n Comunal y las otras organizaciones comunitarias son la base para la construcci\u00f3n de Capital Social en el postconflicto. De acuerdo con ONU-HABITAT, el Capital Social tiene relaci\u00f3n directa con procesos vitales para construir la paz y la convivencia. Dice esta organizaci\u00f3n:<\/strong><\/p>\n\n\n\n<p><a href=\"#_ftnref2\">[2]<\/a> Gu\u00eda para la prevenci\u00f3n en Barrios, Hacia\npol\u00edticas de cohesi\u00f3n social y seguridad ciudadana, ONU-Habitat, 2010, P\u00e1gina V<\/p>\n\n\n\n<p style=\"font-size:24px;text-align:center\"><em>\u201c<strong>El concepto de capital social se refiere a la red de relaciones familiares, profesionales, espirituales y vecinales. En otras palabras, alude a la fuerza o debilidad de los v\u00ednculos sociales y los valores compartidos. Cuando las comunidades est\u00e1n menos unidas y no disponen de referentes de control social o cultural, pueden resultar m\u00e1s propensas a incubar comportamientos violentos. En efecto, la violencia ocurre a menudo en ambientes de descomposici\u00f3n sociocultural de las estructuras sociales, de individualismo y de reducida tolerancia frente a los dem\u00e1s. En estos ambientes la desintegraci\u00f3n de las relaciones sociales urbanas representa<\/strong> <strong>un problema mayor.\u201d<\/strong><a href=\"#_ftn2\"><strong>[2]<\/strong><\/a><\/em><br><\/p>\n\n\n\n<hr class=\"wp-block-separator\"\/>\n\n\n\n<p><a href=\"#_ftnref1\">[1]<\/a> Ley 743\ndel 2002, art\u00edculo 6o.<\/p>\n\n\n\n<p><\/p>\n\n\n\n<div class=\"wp-block-image\"><figure class=\"alignright\"><img loading=\"lazy\" decoding=\"async\" width=\"343\" height=\"970\" src=\"https:\/\/thecenterforcompetitiveness.org\/wp-content\/uploads\/2019\/03\/manuel999.png\" alt=\"\" class=\"wp-image-113\" srcset=\"https:\/\/thecenterforcompetitiveness.org\/wp-content\/uploads\/2019\/03\/manuel999.png 343w, https:\/\/thecenterforcompetitiveness.org\/wp-content\/uploads\/2019\/03\/manuel999-250x707.png 250w, https:\/\/thecenterforcompetitiveness.org\/wp-content\/uploads\/2019\/03\/manuel999-120x339.png 120w\" sizes=\"auto, (max-width: 343px) 100vw, 343px\" \/><\/figure><\/div>\n\n\n\n<p style=\"font-size:24px;text-align:center\"><br><\/p>\n\n\n\n<p><\/p>\n\n\n\n<p style=\"font-size:32px;text-align:left\"><\/p>\n\n\n\n<p style=\"font-size:24px;text-align:center\"><strong>Si usted est\u00e1 interesado en un programa espec\u00edfico para una empresa o instituci\u00f3n del estado, o para impulsar la competitividad de una comunidad o una ciudad, favor escribir al correo electr\u00f3nico: <\/strong><a href=\"mailto:manuelmariamarquez@thecenterforcompetitiveness.org\"><strong>manuelmariamarquez@thecenterforcompetitiveness.org<\/strong><\/a><\/p>\n\n\n\n<p style=\"font-size:24px;text-align:center\"><strong>Si usted desea asistir a los Coachings de Alta Gerencia y Liderazgo que peri\u00f3dicamente se dicta en diferentes ciudades de Colombia y Latinoam\u00e9rica, favor escribir a este correo. Si usted quiere adquirir: &#8220;El C\u00f3digo Secreto de los Dioses: Los Modelos Mentales de la Competitividad&#8221; favor escriba al correo electr\u00f3nico, <\/strong> <br><a href=\"mailto:manuelmariamarquez@thecenterforcompetitiveness.org\"><strong>inscripciones@thecenterforcompetitiveness.org<\/strong><\/a><\/p>\n\n\n\n<p><br><\/p>\n\n\n\n<h2 class=\"wp-block-heading\" style=\"text-align:center\">NUESTRA VISION<\/h2>\n\n\n\n<p style=\"font-size:24px;text-align:center\"><strong>En el 2030 los seres humanos han entendido que tienen todas las capacidades para convertirse en l\u00edderes de sus propios destinos y de sus comunidades y para transformar positivamente sus condiciones de vida. Y, cabalgando sobre los Modelos Mentales de la Competitividad, avanzan en la transformaci\u00f3n de sus existencias, construyendo hermosas y altamente productivas vidas.<\/strong><\/p>\n\n\n\n<h2 class=\"wp-block-heading\" style=\"text-align:center\">NUESTRA MISI\u00d3N<\/h2>\n\n\n\n<p style=\"font-size:22px;text-align:center\"><strong>The Center for Competitiveness and Innovation ejecuta eficaces programas que producen altamente positivas transformaciones en los participantes, empresas, instituciones, comunidades y ciudades a las que pertenecen, con las que generan Elevados Desempe\u00f1os e incrementan sus Utilidades, Resultados, Productividad y Competitividad.<\/strong><\/p>\n","protected":false},"excerpt":{"rendered":"Adem\u00e1s de nuestro aporte al desarrollo empresarial, tenemos un conjunto de actividades gratuitas y un programa especializado en dar apoyo a las comunidades vulnerables, en su lucha contra la pobreza. Nuestro programa: \u201cEnse\u00f1ando a las Comunidades Pobres a Pescar Desarrollo\u201d, utiliza nuestra metodolog\u00eda y da herramientas a estos grupos sociales, para crecer a nivel individual&#8230; <a class=\"view-article\" href=\"https:\/\/thecenterforcompetitiveness.org\/index.php\/nuestra-institucion\/\">View Article<\/a>","protected":false},"author":1,"featured_media":0,"parent":0,"menu_order":0,"comment_status":"closed","ping_status":"closed","template":"","meta":{"_monsterinsights_skip_tracking":false,"_monsterinsights_sitenote_active":false,"_monsterinsights_sitenote_note":"","_monsterinsights_sitenote_category":0,"footnotes":""},"categories":[],"tags":[],"class_list":["post-112","page","type-page","status-publish","hentry"],"_links":{"self":[{"href":"https:\/\/thecenterforcompetitiveness.org\/index.php\/wp-json\/wp\/v2\/pages\/112","targetHints":{"allow":["GET"]}}],"collection":[{"href":"https:\/\/thecenterforcompetitiveness.org\/index.php\/wp-json\/wp\/v2\/pages"}],"about":[{"href":"https:\/\/thecenterforcompetitiveness.org\/index.php\/wp-json\/wp\/v2\/types\/page"}],"author":[{"embeddable":true,"href":"https:\/\/thecenterforcompetitiveness.org\/index.php\/wp-json\/wp\/v2\/users\/1"}],"replies":[{"embeddable":true,"href":"https:\/\/thecenterforcompetitiveness.org\/index.php\/wp-json\/wp\/v2\/comments?post=112"}],"version-history":[{"count":0,"href":"https:\/\/thecenterforcompetitiveness.org\/index.php\/wp-json\/wp\/v2\/pages\/112\/revisions"}],"wp:attachment":[{"href":"https:\/\/thecenterforcompetitiveness.org\/index.php\/wp-json\/wp\/v2\/media?parent=112"}],"wp:term":[{"taxonomy":"category","embeddable":true,"href":"https:\/\/thecenterforcompetitiveness.org\/index.php\/wp-json\/wp\/v2\/categories?post=112"},{"taxonomy":"post_tag","embeddable":true,"href":"https:\/\/thecenterforcompetitiveness.org\/index.php\/wp-json\/wp\/v2\/tags?post=112"}],"curies":[{"name":"wp","href":"https:\/\/api.w.org\/{rel}","templated":true}]}}