{"id":30,"date":"2019-03-14T05:02:05","date_gmt":"2019-03-14T05:02:05","guid":{"rendered":"http:\/\/thecenterforcompetitiveness.org\/?page_id=30"},"modified":"2020-09-02T15:49:58","modified_gmt":"2020-09-02T15:49:58","slug":"creando-empresas-unicas-y-lideres-innovadores","status":"publish","type":"page","link":"https:\/\/thecenterforcompetitiveness.org\/index.php\/creando-empresas-unicas-y-lideres-innovadores\/","title":{"rendered":"COACHING DE ALTA GERENCIA:                    Creando Empresas \u00daNICAS y L\u00edderes INNOVADORES"},"content":{"rendered":"\n<p style=\"font-size:21px;text-align:center\"> <strong>Las Empresas \u00daNICAS son l\u00edderes del mercado y obtienen las m\u00e1s elevadas rentabilidades. Este liderazgo lo requieren TODAS las empresas, porque la globalizaci\u00f3n y otros numerosos factores, han aumentado la agresividad de la competencia, los factores de riesgo y los tradicionalmente altos, \u00edndices de mortandad empresarial.  <\/strong><\/p>\n\n\n\n<p style=\"font-size:21px;text-align:center\"><strong>Este programa es ejecutado con base en una innovadora metodolog\u00eda transdisciplinaria, que da soluciones a la problem\u00e1tica empresarial, integrando herramientas de las Neurociencias, el Liderazgo, la Innovaci\u00f3n y la Creatividad, la Gerencia Estrat\u00e9gica, el Desarrollo Organizacional y la Sicolog\u00eda para crear Equipos de Alto Rendimiento, que generen elevada productividad y rentabilidad en las empresas. <\/strong> <\/p>\n\n\n\n<p style=\"font-size:18px\"><\/p>\n","protected":false},"excerpt":{"rendered":"Las Empresas \u00daNICAS son l\u00edderes del mercado y obtienen las m\u00e1s elevadas rentabilidades. Este liderazgo lo requieren TODAS las empresas, porque la globalizaci\u00f3n y otros numerosos factores, han aumentado la agresividad de la competencia, los factores de riesgo y los tradicionalmente altos, \u00edndices de mortandad empresarial. Este programa es ejecutado con base en una innovadora&#8230; <a class=\"view-article\" href=\"https:\/\/thecenterforcompetitiveness.org\/index.php\/creando-empresas-unicas-y-lideres-innovadores\/\">View Article<\/a>","protected":false},"author":1,"featured_media":0,"parent":0,"menu_order":0,"comment_status":"closed","ping_status":"closed","template":"templates\/lideres.php","meta":{"_monsterinsights_skip_tracking":false,"_monsterinsights_sitenote_active":false,"_monsterinsights_sitenote_note":"","_monsterinsights_sitenote_category":0,"footnotes":""},"categories":[],"tags":[],"class_list":["post-30","page","type-page","status-publish","hentry"],"_links":{"self":[{"href":"https:\/\/thecenterforcompetitiveness.org\/index.php\/wp-json\/wp\/v2\/pages\/30","targetHints":{"allow":["GET"]}}],"collection":[{"href":"https:\/\/thecenterforcompetitiveness.org\/index.php\/wp-json\/wp\/v2\/pages"}],"about":[{"href":"https:\/\/thecenterforcompetitiveness.org\/index.php\/wp-json\/wp\/v2\/types\/page"}],"author":[{"embeddable":true,"href":"https:\/\/thecenterforcompetitiveness.org\/index.php\/wp-json\/wp\/v2\/users\/1"}],"replies":[{"embeddable":true,"href":"https:\/\/thecenterforcompetitiveness.org\/index.php\/wp-json\/wp\/v2\/comments?post=30"}],"version-history":[{"count":0,"href":"https:\/\/thecenterforcompetitiveness.org\/index.php\/wp-json\/wp\/v2\/pages\/30\/revisions"}],"wp:attachment":[{"href":"https:\/\/thecenterforcompetitiveness.org\/index.php\/wp-json\/wp\/v2\/media?parent=30"}],"wp:term":[{"taxonomy":"category","embeddable":true,"href":"https:\/\/thecenterforcompetitiveness.org\/index.php\/wp-json\/wp\/v2\/categories?post=30"},{"taxonomy":"post_tag","embeddable":true,"href":"https:\/\/thecenterforcompetitiveness.org\/index.php\/wp-json\/wp\/v2\/tags?post=30"}],"curies":[{"name":"wp","href":"https:\/\/api.w.org\/{rel}","templated":true}]}}