{"id":50,"date":"2019-03-14T21:05:22","date_gmt":"2019-03-14T21:05:22","guid":{"rendered":"http:\/\/thecenterforcompetitiveness.org\/?page_id=50"},"modified":"2020-10-25T19:04:36","modified_gmt":"2020-10-25T19:04:36","slug":"programa-con-expertos-de-mit","status":"publish","type":"page","link":"https:\/\/thecenterforcompetitiveness.org\/index.php\/programa-con-expertos-de-mit\/","title":{"rendered":"Programa co-creado con profesores de MIT, Massachusetts Institute of Technology: Consultor\u00eda y Altos Estudios de Especializaci\u00f3n: Tecnolog\u00eda de Punta para la Competitividad y el Liderazgo Empresarial Global (1996-1997)"},"content":{"rendered":"\n<h3 class=\"wp-block-heading\" style=\"text-align:center\"><br><\/h3>\n\n\n\n<p style=\"font-size:24px;text-align:center\"><strong>Algunos pilares del contenido acad\u00e9mico de nuestra Metodolog\u00eda y de nuestros programas, fueron desarrolladas con los conocimientos adquiridos mediante la contrataci\u00f3n de miembros del equipo de trabajo de Peter Senge PhD, Director del Centro de Desarrollo Organizacional y Aprendizaje de la Escuela Sloan, el Doctorado de Administraci\u00f3n de Empresas del MIT, Massachusetts Institute of Technology y tambi\u00e9n, con los aportes de connotados expertos de la Escuela de Gobierno John F. Kennedy de Harvard y del Institute for Strategy and Competitiveness, de la Escuela de Negocios de Harvard, quienes viajaron en numerosas oportunidades a Barranquilla, Colombia, la ciudad natal del creador de esta metodolog\u00eda, para hacer una transferencia efectiva de sus conocimientos.<\/strong><\/p>\n\n\n\n<hr class=\"wp-block-separator\"\/>\n\n\n\n<p style=\"font-size:24px;text-align:center\"><strong>PROGRAMA DE CONSULTOR\u00cdA Y ALTOS ESTUDIOS DE ESPECIALIZACI\u00d3N: TECNOLOG\u00cdA DE PUNTA PARA LA COMPETITIVIDAD Y EL LIDERAZGO EMPRESARIAL GLOBAL (1996-1997)<\/strong><\/p>\n\n\n\n<p><\/p>\n\n\n\n<p style=\"font-size:24px;text-align:center\"><strong>Este fue un proyecto co-creado y ejecutado por nuestro Director Acad\u00e9mico, con profesores del MIT, Massachussetts Institute of Technology, para transferir las tecnolog\u00edas de punta de la Competitividad e impulsar el desarrollo de la Productividad y de los l\u00edderes empresariales.<\/strong><\/p>\n\n\n\n<p style=\"font-size:24px;text-align:center\"><strong>Este programa pionero y \u00fanico en Colombia, de categor\u00eda mundial, fue ejecutado\ncon el apoyo de Colciencias, instituci\u00f3n estatal que impulsa la Ciencia y la\nTecnolog\u00eda, fue el primero en que transfiri\u00f3 al pa\u00eds los contenidos y las\ntecnolog\u00edas de punta para el impulso de la Productividad, la Innovaci\u00f3n y la\nCompetitividad.<\/strong><\/p>\n\n\n\n<figure class=\"wp-block-image\"><img loading=\"lazy\" decoding=\"async\" width=\"514\" height=\"1283\" src=\"https:\/\/thecenterforcompetitiveness.org\/wp-content\/uploads\/2019\/03\/manuel2.jpg\" alt=\"\" class=\"wp-image-51\" srcset=\"https:\/\/thecenterforcompetitiveness.org\/wp-content\/uploads\/2019\/03\/manuel2.jpg 514w, https:\/\/thecenterforcompetitiveness.org\/wp-content\/uploads\/2019\/03\/manuel2-250x624.jpg 250w, https:\/\/thecenterforcompetitiveness.org\/wp-content\/uploads\/2019\/03\/manuel2-120x300.jpg 120w\" sizes=\"auto, (max-width: 514px) 100vw, 514px\" \/><\/figure>\n\n\n\n<p><\/p>\n\n\n\n<p style=\"font-size:24px;text-align:center\"> <br><strong>Estos expertos dirigidos por el profesor Peter Senge, transfirieron a la \u00e9lite empresarial y gremial, la tecnolog\u00eda de punta y el Estado de las Artes en el tema de la Competitividad, la Innovaci\u00f3n y de los Modelos Mentales y su aplicaci\u00f3n a la actividad empresarial. Adem\u00e1s introdujeron los m\u00e1s avanzados conocimientos en materia de Desarrollo Organizacional, Pensamiento Sist\u00e9mico y Creatividad.<\/strong> <\/p>\n\n\n\n<p><\/p>\n\n\n\n<figure class=\"wp-block-image\"><img loading=\"lazy\" decoding=\"async\" width=\"459\" height=\"774\" src=\"https:\/\/thecenterforcompetitiveness.org\/wp-content\/uploads\/2019\/03\/manuel1.jpg\" alt=\"\" class=\"wp-image-52\" srcset=\"https:\/\/thecenterforcompetitiveness.org\/wp-content\/uploads\/2019\/03\/manuel1.jpg 459w, https:\/\/thecenterforcompetitiveness.org\/wp-content\/uploads\/2019\/03\/manuel1-250x422.jpg 250w, https:\/\/thecenterforcompetitiveness.org\/wp-content\/uploads\/2019\/03\/manuel1-120x202.jpg 120w\" sizes=\"auto, (max-width: 459px) 100vw, 459px\" \/><\/figure>\n\n\n\n<p style=\"font-size:24px;text-align:center\"> <strong>Muchos de los directivos de las empresas participantes, entre otros RCN-Radio, Ol\u00edmpica, Muebles Jamar, Acesco y Vivero. Hicieron replanteamientos de gran importancia en sus actividades econ\u00f3micas y construyeron nuevos proyectos para sus empresas. Se consolidaron y crecieron aceleradamente como resultado de este programa. Adem\u00e1s, evolucionaron de su condici\u00f3n de empresas locales, hacia empresas nacionales y se convirtieron en l\u00edderes de sus<\/strong> <strong>sectores econ\u00f3micos. <\/strong><\/p>\n\n\n\n<p><\/p>\n","protected":false},"excerpt":{"rendered":"Algunos pilares del contenido acad\u00e9mico de nuestra Metodolog\u00eda y de nuestros programas, fueron desarrolladas con los conocimientos adquiridos mediante la contrataci\u00f3n de miembros del equipo de trabajo de Peter Senge PhD, Director del Centro de Desarrollo Organizacional y Aprendizaje de la Escuela Sloan, el Doctorado de Administraci\u00f3n de Empresas del MIT, Massachusetts Institute of Technology&#8230; <a class=\"view-article\" href=\"https:\/\/thecenterforcompetitiveness.org\/index.php\/programa-con-expertos-de-mit\/\">View Article<\/a>","protected":false},"author":1,"featured_media":0,"parent":0,"menu_order":0,"comment_status":"closed","ping_status":"closed","template":"","meta":{"_monsterinsights_skip_tracking":false,"_monsterinsights_sitenote_active":false,"_monsterinsights_sitenote_note":"","_monsterinsights_sitenote_category":0,"footnotes":""},"categories":[],"tags":[],"class_list":["post-50","page","type-page","status-publish","hentry"],"_links":{"self":[{"href":"https:\/\/thecenterforcompetitiveness.org\/index.php\/wp-json\/wp\/v2\/pages\/50","targetHints":{"allow":["GET"]}}],"collection":[{"href":"https:\/\/thecenterforcompetitiveness.org\/index.php\/wp-json\/wp\/v2\/pages"}],"about":[{"href":"https:\/\/thecenterforcompetitiveness.org\/index.php\/wp-json\/wp\/v2\/types\/page"}],"author":[{"embeddable":true,"href":"https:\/\/thecenterforcompetitiveness.org\/index.php\/wp-json\/wp\/v2\/users\/1"}],"replies":[{"embeddable":true,"href":"https:\/\/thecenterforcompetitiveness.org\/index.php\/wp-json\/wp\/v2\/comments?post=50"}],"version-history":[{"count":0,"href":"https:\/\/thecenterforcompetitiveness.org\/index.php\/wp-json\/wp\/v2\/pages\/50\/revisions"}],"wp:attachment":[{"href":"https:\/\/thecenterforcompetitiveness.org\/index.php\/wp-json\/wp\/v2\/media?parent=50"}],"wp:term":[{"taxonomy":"category","embeddable":true,"href":"https:\/\/thecenterforcompetitiveness.org\/index.php\/wp-json\/wp\/v2\/categories?post=50"},{"taxonomy":"post_tag","embeddable":true,"href":"https:\/\/thecenterforcompetitiveness.org\/index.php\/wp-json\/wp\/v2\/tags?post=50"}],"curies":[{"name":"wp","href":"https:\/\/api.w.org\/{rel}","templated":true}]}}