{"id":56,"date":"2019-03-14T21:14:52","date_gmt":"2019-03-14T21:14:52","guid":{"rendered":"http:\/\/thecenterforcompetitiveness.org\/?page_id=56"},"modified":"2020-10-25T19:00:07","modified_gmt":"2020-10-25T19:00:07","slug":"programa-con-expertos-de-harvard","status":"publish","type":"page","link":"https:\/\/thecenterforcompetitiveness.org\/index.php\/programa-con-expertos-de-harvard\/","title":{"rendered":"Programa co-creado con profesores de Harvard"},"content":{"rendered":"\n<h1 class=\"wp-block-heading\" style=\"text-align:center\">Programa de Altos Estudios de Liderazgo (2004-2005)<\/h1>\n\n\n\n<h2 class=\"wp-block-heading\" style=\"text-align:center\">Este proyecto fue co-creado y ejecutado por nuestro Director Acad\u00e9mico, con profesores de la Escuela John F. Kennedy de Harvard, para impulsar el desarrollo del Liderazgo de dirigentes empresariales. Los conocimientos fueron desarrollados por los profesores Ronald Heifetz y Dean Williams de ese organismo.<\/h2>\n\n\n\n<figure class=\"wp-block-image\"><img loading=\"lazy\" decoding=\"async\" width=\"500\" height=\"615\" src=\"https:\/\/thecenterforcompetitiveness.org\/wp-content\/uploads\/2019\/03\/manuel3.jpg\" alt=\"\" class=\"wp-image-58\" srcset=\"https:\/\/thecenterforcompetitiveness.org\/wp-content\/uploads\/2019\/03\/manuel3.jpg 500w, https:\/\/thecenterforcompetitiveness.org\/wp-content\/uploads\/2019\/03\/manuel3-250x308.jpg 250w, https:\/\/thecenterforcompetitiveness.org\/wp-content\/uploads\/2019\/03\/manuel3-120x148.jpg 120w\" sizes=\"auto, (max-width: 500px) 100vw, 500px\" \/><\/figure>\n\n\n\n<p style=\"font-size:24px;text-align:center\"><strong>Las intervenciones de Dean Williams, profesor m\u00e1s connotado de la Escuela de Gobierno John F. Kennedy de Harvard y Director del proyecto de L\u00edderes del Mundo de esa Escuela, permitieron un replanteamiento de fondo y un profundo cambio de mentalidad, en los l\u00edderes en las organizaciones empresariales. <\/strong><br><\/p>\n\n\n\n<figure class=\"wp-block-image\"><img loading=\"lazy\" decoding=\"async\" width=\"500\" height=\"488\" src=\"https:\/\/thecenterforcompetitiveness.org\/wp-content\/uploads\/2019\/03\/manuel4.jpg\" alt=\"\" class=\"wp-image-59\" srcset=\"https:\/\/thecenterforcompetitiveness.org\/wp-content\/uploads\/2019\/03\/manuel4.jpg 500w, https:\/\/thecenterforcompetitiveness.org\/wp-content\/uploads\/2019\/03\/manuel4-250x244.jpg 250w, https:\/\/thecenterforcompetitiveness.org\/wp-content\/uploads\/2019\/03\/manuel4-120x117.jpg 120w\" sizes=\"auto, (max-width: 500px) 100vw, 500px\" \/><\/figure>\n\n\n\n<p style=\"font-size:24px;text-align:center\"><strong>Muchos de los participantes en este programa han sido cogestores del nuevo desarrollo, que ha tenido el Departamento del Atl\u00e1ntico en las \u00faltimas dos d\u00e9cadas. Incluso, dos de sus gobernadores, Eduardo Verano de la Rosa (2008-2011 y 2016-2019) y Jos\u00e9 Antonio Segebre,(2012-2015) fueron parte de este programa<\/strong><\/p>\n\n\n\n<p><\/p>\n","protected":false},"excerpt":{"rendered":"Programa de Altos Estudios de Liderazgo (2004-2005) Este proyecto fue co-creado y ejecutado por nuestro Director Acad\u00e9mico, con profesores de la Escuela John F. Kennedy de Harvard, para impulsar el desarrollo del Liderazgo de dirigentes empresariales. Los conocimientos fueron desarrollados por los profesores Ronald Heifetz y Dean Williams de ese organismo. Las intervenciones de Dean&#8230; <a class=\"view-article\" href=\"https:\/\/thecenterforcompetitiveness.org\/index.php\/programa-con-expertos-de-harvard\/\">View Article<\/a>","protected":false},"author":1,"featured_media":0,"parent":0,"menu_order":0,"comment_status":"closed","ping_status":"closed","template":"","meta":{"_monsterinsights_skip_tracking":false,"_monsterinsights_sitenote_active":false,"_monsterinsights_sitenote_note":"","_monsterinsights_sitenote_category":0,"footnotes":""},"categories":[],"tags":[],"class_list":["post-56","page","type-page","status-publish","hentry"],"_links":{"self":[{"href":"https:\/\/thecenterforcompetitiveness.org\/index.php\/wp-json\/wp\/v2\/pages\/56","targetHints":{"allow":["GET"]}}],"collection":[{"href":"https:\/\/thecenterforcompetitiveness.org\/index.php\/wp-json\/wp\/v2\/pages"}],"about":[{"href":"https:\/\/thecenterforcompetitiveness.org\/index.php\/wp-json\/wp\/v2\/types\/page"}],"author":[{"embeddable":true,"href":"https:\/\/thecenterforcompetitiveness.org\/index.php\/wp-json\/wp\/v2\/users\/1"}],"replies":[{"embeddable":true,"href":"https:\/\/thecenterforcompetitiveness.org\/index.php\/wp-json\/wp\/v2\/comments?post=56"}],"version-history":[{"count":0,"href":"https:\/\/thecenterforcompetitiveness.org\/index.php\/wp-json\/wp\/v2\/pages\/56\/revisions"}],"wp:attachment":[{"href":"https:\/\/thecenterforcompetitiveness.org\/index.php\/wp-json\/wp\/v2\/media?parent=56"}],"wp:term":[{"taxonomy":"category","embeddable":true,"href":"https:\/\/thecenterforcompetitiveness.org\/index.php\/wp-json\/wp\/v2\/categories?post=56"},{"taxonomy":"post_tag","embeddable":true,"href":"https:\/\/thecenterforcompetitiveness.org\/index.php\/wp-json\/wp\/v2\/tags?post=56"}],"curies":[{"name":"wp","href":"https:\/\/api.w.org\/{rel}","templated":true}]}}