{"id":61,"date":"2019-03-14T21:17:43","date_gmt":"2019-03-14T21:17:43","guid":{"rendered":"http:\/\/thecenterforcompetitiveness.org\/?page_id=61"},"modified":"2022-01-20T03:34:14","modified_gmt":"2022-01-20T03:34:14","slug":"programas-ejectuados-entre-1993-y-1996","status":"publish","type":"page","link":"https:\/\/thecenterforcompetitiveness.org\/index.php\/programas-ejectuados-entre-1993-y-1996\/","title":{"rendered":"Nuestro portafolio incluye asesor\u00edas y programas acad\u00e9micos diplomados, eficaces para muy diversos p\u00fablicos"},"content":{"rendered":"\n<h1 class=\"wp-block-heading\" style=\"text-align:center\"><strong>Concebimos y ejecutamos programas especializados para cada p\u00fablico, que optimizan la Creatividad, la Innovaci\u00f3n, la Productividad y la Rentabilidad e integran las t\u00e9cnicas m\u00e1s potentes de las Neurociencias, el Liderazgo, la Gerencia Estrat\u00e9gica, la Sicolog\u00eda, el Desarrollo Organizacional y el Pensamiento Sist\u00e9mico.<\/strong><\/h1>\n\n\n\n<hr class=\"wp-block-separator\"\/>\n\n\n\n<p style=\"font-size:26px;text-align:center\"><strong> &nbsp;Nuestra metodolog\u00eda es eficaz transversalmente. Los videos de este website muestran testimonios de empresarios de todo el pa\u00eds, directivos de universidades, Ministerio de Comercio-Innpulsa, Consejer\u00eda Presidencial ANSPE, aceleradora de empresas MacondoLab de la Universidad Sim\u00f3n Bol\u00edvar, Directores de Clusters, Gobernaci\u00f3n del Atl\u00e1ntico, cooperativas de ganaderos, periodistas, y l\u00edderes sociales, entre otros.<\/strong><\/p>\n\n\n\n<hr class=\"wp-block-separator\"\/>\n\n\n\n<p style=\"font-size:24px;text-align:center\"><strong>ALGUNOS DE NUESTROS CURSOS Y PROGRAMAS SON:<\/strong><\/p>\n\n\n\n<p style=\"font-size:24px\"><strong>1-Construyendo las empresas l\u00edderes del Nuevo Normal.<\/strong>  <strong>Este es nuestro programa m\u00e1s reciente. Es una innovaci\u00f3n desarrollada en medio de la pandemia y es la soluci\u00f3n para la crisis empresarial COVID-19. <\/strong> <\/p>\n\n\n\n<p style=\"font-size:24px;text-align:left\"><strong>2-Potenciando la Creatividad y la Innovaci\u00f3n Empresarial<\/strong><\/p>\n\n\n\n<p style=\"font-size:24px;text-align:left\"><strong>3-Creando Empresas UNICAS y L\u00edderes\nINNOVADORES<\/strong><\/p>\n\n\n\n<p style=\"font-size:24px;text-align:left\"><strong>4-Potenciando aceleradoras de empresas<\/strong><\/p>\n\n\n\n<p style=\"font-size:24px\"><strong>5-Creando Equipos de Alto Rendimiento.<\/strong><\/p>\n\n\n\n<p style=\"font-size:24px\"><strong>3-Modernizando las empresas\nganaderas y del sector agropecuario.<\/strong><\/p>\n\n\n\n<p style=\"font-size:24px\"><strong>6-Ense\u00f1ando a las comunidades pobres a pescar desarrollo<\/strong><\/p>\n\n\n\n<p style=\"font-size:24px\"><strong>7-Altos estudios para la Innovaci\u00f3n, Excelencia y Competitividad del periodismo.<\/strong><\/p>\n\n\n\n<p style=\"font-size:24px\"><strong>8-Concibiendo con esp\u00edritu Innovador, los nuevos desarrollos del \u00c1rea Metropolitana de Barranquilla.<\/strong><\/p>\n\n\n\n<p style=\"font-size:24px\"><strong>Estos programas tienen sus antecedentes en programas efectuados en el pasado:<\/strong><\/p>\n\n\n\n<p style=\"font-size:24px;text-align:left\"><strong>1-Hacia Una Nueva Dimensi\u00f3n C\u00edvica\nen Barranquilla \u00bfQu\u00e9 Har\u00edas T\u00fa Sin Barranquilla? (1993-1996) <\/strong><\/p>\n\n\n\n<p style=\"font-size:24px;text-align:left\"><strong>2-Programa de Consultor\u00eda y Altos\nEstudios de Especializaci\u00f3n: Tecnolog\u00eda de Punta para la Competitividad y el\nLiderazgo Empresarial Global, con profesores del Massachusetts Institute of Technology\n(1996-1997) <\/strong><\/p>\n\n\n\n<p style=\"font-size:24px\"><strong>3-Programa de Altos Estudios de Liderazgo, con profesores de la Escuela de Liderazgo John F. Kennedy de Harvard &nbsp;(2004-2005).<\/strong><\/p>\n\n\n\n<p style=\"font-size:24px\"><strong>4-Hacia una Nueva Dimensi\u00f3n de la Competitividad en el Atl\u00e1ntico, con profesores del Institute For Strategy &amp; Competitiveness de la Escuela de Negocios de Harvard (2010)<\/strong><\/p>\n\n\n\n<p style=\"font-size:24px\"><strong>5-Ense\u00f1ando a las Comunidades Pobres a Pescar Desarrollo (2004-2020)\n<\/strong><\/p>\n\n\n\n<p style=\"font-size:24px\"><strong>6-Programa para el Liderazgo Competitivo y la Excelencia Profesional de Periodistas, Locutores y Comunicadores 2009-2010.<\/strong><\/p>\n\n\n\n<p style=\"font-size:24px\"><strong>6-Convirtiendo a los Cogestore<\/strong>s<strong> Sociales de Barranquilla, del Programa Unidos, de la Presidencia de la Rep\u00fablica, en L\u00edderes con Capacidad Transformadora (2012)<\/strong><\/p>\n\n\n\n<p style=\"font-size:2px;text-align:center\"><strong>PRIMER PROGRAMA. IMPACTO Y COBERTURA, EN TODA LA CIUDAD DE BARRANQUILLA, COLOMBIA (1993-1996)<\/strong><br><\/p>\n\n\n\n<p style=\"font-size:24px;text-align:center\"><\/p>\n\n\n\n<p style=\"font-size:24px;text-align:center\"><strong>PRIMER PROGRAMA. IMPACTO Y COBERTURA, EN TODA LA CIUDAD DE BARRANQUILLA, COLOMBIA (1993-1996)<\/strong><\/p>\n\n\n\n<p style=\"font-size:24px;text-align:center\"><strong>HACIA UNA NUEVA DIMENSI\u00d3N C\u00cdVICA EN BARRANQUILLA: \u00bfQU\u00c9 HAR\u00cdAS T\u00da SIN BARRANQUILLA?<\/strong><\/p>\n\n\n\n<p style=\"font-size:24px;text-align:center\"><strong>Proyecto\ninicial de la aplicaci\u00f3n de nuestra metodolog\u00eda, en grupos masivos, para el\npotenciamiento de los comportamientos.<\/strong><\/p>\n\n\n\n<p style=\"font-size:24px;text-align:center\"><strong>Con este proyecto piloto, ejecutado durante tres a\u00f1os, se iniciaron las aplicaciones de las investigaciones adelantadas entre los a\u00f1os de 1985 y 1993 -que han continuado durante treinta a\u00f1os- y en ese momento englobaban, entre otros, los avances de los Cient\u00edficos Sociales: Martin Seligman Phd, Alex Inkeles Phd, y los resultados del proyecto de las Universidades de Harvard y Stanford: &#8220;The Harvard-Stanford Project on Social and Cultural on Modernization&#8221;.<\/strong><\/p>\n\n\n\n<p style=\"font-size:24px;text-align:center\"><strong>Este proyecto, articulado con numerosas instituciones y empresas de la ciudad, tuvo como objetivo impulsar un cambio de mentalidad, para cambiar la aproximaci\u00f3n autodestructiva, negativa y derrotista que ten\u00edan los ciudadanos respecto del futuro de Barranquilla, hacia una actitud equilibrada y constructiva. El programa se efectu\u00f3 mediante un programa educativo de medios y de otras estrategias complementarias como concursos, talleres y acciones en el terreno del tr\u00e1nsito vehicular.<\/strong><\/p>\n\n\n\n<figure class=\"wp-block-image\"><img loading=\"lazy\" decoding=\"async\" width=\"588\" height=\"348\" src=\"https:\/\/thecenterforcompetitiveness.org\/wp-content\/uploads\/2019\/03\/manuel5.jpg\" alt=\"\" class=\"wp-image-62\" srcset=\"https:\/\/thecenterforcompetitiveness.org\/wp-content\/uploads\/2019\/03\/manuel5.jpg 588w, https:\/\/thecenterforcompetitiveness.org\/wp-content\/uploads\/2019\/03\/manuel5-250x148.jpg 250w, https:\/\/thecenterforcompetitiveness.org\/wp-content\/uploads\/2019\/03\/manuel5-120x71.jpg 120w\" sizes=\"auto, (max-width: 588px) 100vw, 588px\" \/><\/figure>\n\n\n\n<p><\/p>\n\n\n\n<p style=\"font-size:24px;text-align:center\"><strong>El proyecto tuvo excelentes resultados y ha sido el m\u00e1s grande de su tipo que se ha ejecutado en la historia de la ciudad. Su enorme impacto y alt\u00edsima recordaci\u00f3n esta presente todav\u00eda hoy m\u00e1s de 20 a\u00f1os despu\u00e9s, en la mente de cientos de miles de personas quienes fueron impactadas de forma indeleble por sus mensajes.<\/strong><\/p>\n\n\n\n<p style=\"font-size:24px;text-align:center\"><strong>Un ejemplo de su impacto. Como resultado de la motivaci\u00f3n que gener\u00f3, surgieron numerosas iniciativas y proyectos en beneficio de la ciudad. En sesi\u00f3n convocada por la Mesa de trabajo de Educaci\u00f3n, de la Comisi\u00f3n Regional de Competitividad del Departamento del Atl\u00e1ntico el 28 de mayo del 2013, en la Corporaci\u00f3n Educativa del Litoral, para analizar el tema del cambio de Modelos Mentales, un profesor de esta instituci\u00f3n, Juan Carlos Aristizabal, quien se desempe\u00f1aba en la universidad como Coordinador de Pr\u00e1cticas, totalmente desconocido porquien fue el creador de ese proyecto<\/strong>,<strong>&nbsp;nuestroDirector Acad\u00e9mico, manifest\u00f3 que la campa\u00f1a de medios, que preguntaba \u00bfQu\u00e9 har\u00edas tu sin Barranquilla? impuls\u00f3 a las gentes de su barrio, a iniciar gestiones espont\u00e1neas para el mejoramiento de su comunidad<\/strong><\/p>\n\n\n\n<p style=\"font-size:24px;text-align:center\"><strong>Y coment\u00f3 a todos los presentes, que los vecinos, quienes viv\u00edan cercanos a un parque: el \u201cEugenio Mac\u00edas\u201d que en ese momento se encontraba totalmente destrozado, tomaron su reconstrucci\u00f3n como su responsabilidad c\u00edvica. Y lo hicieron con sus propios recursos y por sus propios medios. Ese profesor recuerda este logro colectivo, como algo hist\u00f3rico y de gran importancia para su comunidad.<\/strong><\/p>\n\n\n\n<figure><iframe loading=\"lazy\" width=\"480\" height=\"360\" src=\"https:\/\/www.youtube.com\/embed\/QwlMBBXgLYM\" allowfullscreen=\"\"><\/iframe><\/figure>\n\n\n\n<p><\/p>\n\n\n\n<figure class=\"wp-block-image\"><img loading=\"lazy\" decoding=\"async\" width=\"550\" height=\"892\" src=\"https:\/\/thecenterforcompetitiveness.org\/wp-content\/uploads\/2019\/03\/manuel6.jpg\" alt=\"\" class=\"wp-image-63\" srcset=\"https:\/\/thecenterforcompetitiveness.org\/wp-content\/uploads\/2019\/03\/manuel6.jpg 550w, https:\/\/thecenterforcompetitiveness.org\/wp-content\/uploads\/2019\/03\/manuel6-250x405.jpg 250w, https:\/\/thecenterforcompetitiveness.org\/wp-content\/uploads\/2019\/03\/manuel6-120x195.jpg 120w\" sizes=\"auto, (max-width: 550px) 100vw, 550px\" \/><\/figure>\n","protected":false},"excerpt":{"rendered":"Concebimos y ejecutamos programas especializados para cada p\u00fablico, que optimizan la Creatividad, la Innovaci\u00f3n, la Productividad y la Rentabilidad e integran las t\u00e9cnicas m\u00e1s potentes de las Neurociencias, el Liderazgo, la Gerencia Estrat\u00e9gica, la Sicolog\u00eda, el Desarrollo Organizacional y el Pensamiento Sist\u00e9mico. &nbsp;Nuestra metodolog\u00eda es eficaz transversalmente. Los videos de este website muestran testimonios de&#8230; <a class=\"view-article\" href=\"https:\/\/thecenterforcompetitiveness.org\/index.php\/programas-ejectuados-entre-1993-y-1996\/\">View Article<\/a>","protected":false},"author":1,"featured_media":0,"parent":0,"menu_order":0,"comment_status":"closed","ping_status":"closed","template":"","meta":{"_monsterinsights_skip_tracking":false,"_monsterinsights_sitenote_active":false,"_monsterinsights_sitenote_note":"","_monsterinsights_sitenote_category":0,"footnotes":""},"categories":[],"tags":[],"class_list":["post-61","page","type-page","status-publish","hentry"],"_links":{"self":[{"href":"https:\/\/thecenterforcompetitiveness.org\/index.php\/wp-json\/wp\/v2\/pages\/61","targetHints":{"allow":["GET"]}}],"collection":[{"href":"https:\/\/thecenterforcompetitiveness.org\/index.php\/wp-json\/wp\/v2\/pages"}],"about":[{"href":"https:\/\/thecenterforcompetitiveness.org\/index.php\/wp-json\/wp\/v2\/types\/page"}],"author":[{"embeddable":true,"href":"https:\/\/thecenterforcompetitiveness.org\/index.php\/wp-json\/wp\/v2\/users\/1"}],"replies":[{"embeddable":true,"href":"https:\/\/thecenterforcompetitiveness.org\/index.php\/wp-json\/wp\/v2\/comments?post=61"}],"version-history":[{"count":0,"href":"https:\/\/thecenterforcompetitiveness.org\/index.php\/wp-json\/wp\/v2\/pages\/61\/revisions"}],"wp:attachment":[{"href":"https:\/\/thecenterforcompetitiveness.org\/index.php\/wp-json\/wp\/v2\/media?parent=61"}],"wp:term":[{"taxonomy":"category","embeddable":true,"href":"https:\/\/thecenterforcompetitiveness.org\/index.php\/wp-json\/wp\/v2\/categories?post=61"},{"taxonomy":"post_tag","embeddable":true,"href":"https:\/\/thecenterforcompetitiveness.org\/index.php\/wp-json\/wp\/v2\/tags?post=61"}],"curies":[{"name":"wp","href":"https:\/\/api.w.org\/{rel}","templated":true}]}}