{"id":73,"date":"2019-03-14T21:29:04","date_gmt":"2019-03-14T21:29:04","guid":{"rendered":"http:\/\/thecenterforcompetitiveness.org\/?page_id=73"},"modified":"2022-02-24T14:08:42","modified_gmt":"2022-02-24T14:08:42","slug":"primer-capitulo-el-codigo-secreto-de-los-dioses","status":"publish","type":"page","link":"https:\/\/thecenterforcompetitiveness.org\/index.php\/primer-capitulo-el-codigo-secreto-de-los-dioses\/","title":{"rendered":"El C\u00f3digo Secreto de los Dioses: Los Modelos Mentales de la Competitividad"},"content":{"rendered":"\n<p class=\"has-text-align-center\" style=\"font-size:26px\"><strong>Primer Cap\u00edtulo<\/strong><\/p>\n\n\n\n<hr class=\"wp-block-separator\"\/>\n\n\n\n<h3 class=\"has-text-align-center wp-block-heading\">Introducci\u00f3n <\/h3>\n\n\n\n<p class=\"has-text-align-center\" style=\"font-size:24px\"><strong>&#8220;El C\u00f3digo Secreto de los Dioses: Los Modelos Mentales de la Competitividad&#8221; es un libro que contiene las herramientas para impulsar elevados desempe\u00f1os individuales y colectivos. Es un compendio de 646 p\u00e1ginas, de los resultados de investigaciones en Neurociencias, Competitividad, Liderazgo, Gerencia Estrat\u00e9gica, Creatividad e Innovaci\u00f3n, entre otros, publicadas hasta agosto del 2015, pertinentes al desarrollo de los potenciales de los seres humanos.  <\/strong><br><br><strong>Contiene adem\u00e1s las ense\u00f1anzas de los grandes innovadores del mundo empresarial, como Bill Gates, Steve Jobs, Warren Buffett, Alan G. Lafley, entre otros. Se aprende de las err\u00f3neas decisiones de empresas multinacionales como Kodak, IBM, Nokia, Xerox, entre otras. Y de las recomendaciones para enfrentar retos, de los Gur\u00fas que han marcado el mundo empresarial y el Liderazgo como Michael Porter, Peter Senge, Ronald Heifetz, Rosabeth Moss Kanter, Edward De Bono, Chris Argyris, Jay Wright Forrester, entre otros.<\/strong><\/p>\n\n\n\n<p class=\"has-text-align-center\" style=\"font-size:24px\"><strong>Los contenidos acad\u00e9micos de este libro son utilizados como base de uno de los m\u00f3dulos acad\u00e9micos que se incluye en nuestros programas de Alta Gerencia, para empresarios y otros grupos sociales.<\/strong><\/p>\n\n\n\n<p class=\"has-text-align-center\" style=\"font-size:24px\"><strong>A pesar que el libro: &#8220;El C\u00f3digo Secreto de los Dioses: Los Modelos Mentales de la Competitividad&#8221; es un texto rigurosamente cient\u00edfico, que utiliza las normas metodol\u00f3gicas del mundo acad\u00e9mico para la presentaci\u00f3n de los descubrimientos y, adem\u00e1s, contiene los resultados de las investigaciones de muy numerosos cient\u00edficos sociales, fue escrito como las Mil y Una Noches, es decir como un libro de cuentos. Y est\u00e1 redactado de esta forma, como aconsej\u00f3 el Premio Nobel Gabriel Garc\u00eda M\u00e1rquez, en 1994, cuando la Misi\u00f3n de Educaci\u00f3n, Ciencia y Desarrollo, buscaba v\u00edas para que nuestro pa\u00eds creciera e impulsara su desarrollo econ\u00f3mico. En ese momento el N\u00f3bel asever\u00f3, que nuestro pa\u00eds solo avanzar\u00eda, &#8220;cuando se lleve las ciencias y las artes a la canasta familiar\u201d.<\/strong><\/p>\n\n\n\n<p class=\"has-text-align-center\" style=\"font-size:26px\"><strong>Primer Cap\u00edtulo<\/strong><\/p>\n\n\n\n<h2 class=\"has-text-align-center wp-block-heading\">Haciendo doble clic sobre la ventana abajo, usted podr\u00e1 leer la introducci\u00f3n a &#8220;El C\u00f3digo Secreto de los Dioses: Los Modelos Mentales de la Competitividad&#8221;. Para salir de la publicaci\u00f3n, favor presionar la tecla escape.<\/h2>\n\n\n\n<p><\/p>\n\n\n\n<figure><iframe src=\"https:\/\/e.issuu.com\/embed.html?identifier=kg8gko8sk3sc&amp;embedType=script#8978997\/32597006\" allowfullscreen=\"\" height=\"300px\"><\/iframe><\/figure>\n\n\n\n<h2 class=\"has-text-align-center wp-block-heading\">&#8220;El C\u00f3digo Secreto de los Dioses: Los Modelos Mentales de la Competitividad&#8221;<\/h2>\n\n\n\n<h3 class=\"has-text-align-center wp-block-heading\">Si usted desea asistir a los cursos que peri\u00f3dicamente se dicta, para apropiar los Modelos Mentales de la Competitividad o si desea adquirir: &#8220;El C\u00f3digo Secreto de los Dioses: Los Modelos Mentales de la Competitividad&#8221;, favor escriba al correo electr\u00f3nico: <br><a rel=\"noreferrer noopener\" target=\"_blank\" href=\"mailto:informacion@thecenterforcompetitiveness.org\">informacion@thecenterforcompetitiveness.org<\/a> <\/h3>\n\n\n\n<p><\/p>\n","protected":false},"excerpt":{"rendered":"Primer Cap\u00edtulo Introducci\u00f3n &#8220;El C\u00f3digo Secreto de los Dioses: Los Modelos Mentales de la Competitividad&#8221; es un libro que contiene las herramientas para impulsar elevados desempe\u00f1os individuales y colectivos. Es un compendio de 646 p\u00e1ginas, de los resultados de investigaciones en Neurociencias, Competitividad, Liderazgo, Gerencia Estrat\u00e9gica, Creatividad e Innovaci\u00f3n, entre otros, publicadas hasta agosto del&#8230; <a class=\"view-article\" href=\"https:\/\/thecenterforcompetitiveness.org\/index.php\/primer-capitulo-el-codigo-secreto-de-los-dioses\/\">View Article<\/a>","protected":false},"author":1,"featured_media":0,"parent":0,"menu_order":0,"comment_status":"closed","ping_status":"closed","template":"","meta":{"_monsterinsights_skip_tracking":false,"_monsterinsights_sitenote_active":false,"_monsterinsights_sitenote_note":"","_monsterinsights_sitenote_category":0,"footnotes":""},"categories":[],"tags":[],"class_list":["post-73","page","type-page","status-publish","hentry"],"_links":{"self":[{"href":"https:\/\/thecenterforcompetitiveness.org\/index.php\/wp-json\/wp\/v2\/pages\/73","targetHints":{"allow":["GET"]}}],"collection":[{"href":"https:\/\/thecenterforcompetitiveness.org\/index.php\/wp-json\/wp\/v2\/pages"}],"about":[{"href":"https:\/\/thecenterforcompetitiveness.org\/index.php\/wp-json\/wp\/v2\/types\/page"}],"author":[{"embeddable":true,"href":"https:\/\/thecenterforcompetitiveness.org\/index.php\/wp-json\/wp\/v2\/users\/1"}],"replies":[{"embeddable":true,"href":"https:\/\/thecenterforcompetitiveness.org\/index.php\/wp-json\/wp\/v2\/comments?post=73"}],"version-history":[{"count":1,"href":"https:\/\/thecenterforcompetitiveness.org\/index.php\/wp-json\/wp\/v2\/pages\/73\/revisions"}],"predecessor-version":[{"id":1333,"href":"https:\/\/thecenterforcompetitiveness.org\/index.php\/wp-json\/wp\/v2\/pages\/73\/revisions\/1333"}],"wp:attachment":[{"href":"https:\/\/thecenterforcompetitiveness.org\/index.php\/wp-json\/wp\/v2\/media?parent=73"}],"wp:term":[{"taxonomy":"category","embeddable":true,"href":"https:\/\/thecenterforcompetitiveness.org\/index.php\/wp-json\/wp\/v2\/categories?post=73"},{"taxonomy":"post_tag","embeddable":true,"href":"https:\/\/thecenterforcompetitiveness.org\/index.php\/wp-json\/wp\/v2\/tags?post=73"}],"curies":[{"name":"wp","href":"https:\/\/api.w.org\/{rel}","templated":true}]}}