{"id":85,"date":"2019-03-17T01:34:35","date_gmt":"2019-03-17T01:34:35","guid":{"rendered":"http:\/\/thecenterforcompetitiveness.org\/?page_id=85"},"modified":"2020-09-02T20:21:28","modified_gmt":"2020-09-02T20:21:28","slug":"programas-especializados","status":"publish","type":"page","link":"https:\/\/thecenterforcompetitiveness.org\/index.php\/programas-especializados\/","title":{"rendered":"Programas Especializados"},"content":{"rendered":"\n<p> <\/p>\n\n\n\n<p style=\"font-size:24px;text-align:center\"><strong>Si usted tiene una problem\u00e1tica espec\u00edfica, cons\u00faltenos. Nuestros programas est\u00e1n basados en una metodolog\u00eda transdisciplinaria, de la que tenemos Propiedad Intelectual, que suma nuestra experiencia empresarial de m\u00e1s de 30 a\u00f1os: <\/strong><\/p>\n\n\n\n<p style=\"font-size:24px;text-align:center\"><strong>Construimos nuestros programas con base en nuestra experiencia en seis \u00e1reas.<\/strong><\/p>\n\n\n\n<p style=\"font-size:24px;text-align:center\"><strong>1- En la creaci\u00f3n de grandes empresas e instituciones en Colombia y Estados Unidos<\/strong><\/p>\n\n\n\n<p style=\"font-size:24px;text-align:center\"><strong>2- En la direcci\u00f3n de entidades gremiales como la Asociaci\u00f3n Nacional de Empresarios, ANDI, Federaci\u00f3n Nacional de Industrias Metalmec\u00e1nicas, Lonja de Propiedad Raiz, entre otras. <\/strong><\/p>\n\n\n\n<p style=\"font-size:24px;text-align:center\"><strong>3-En la Co-creaci\u00f3n de programas acad\u00e9micos con profesores de Sloan School of Management, el doctorado de Administraci\u00f3n de Empresas del Massachusetts Institute of Technology, MIT, Harvard Kennedy School y el Institute for Strategy and Competitiveness de la Escuela de Negocios de Harvard <\/strong><\/p>\n\n\n\n<p style=\"font-size:24px;text-align:center\"><strong>4-Investigaciones en las \u00e1reas de Neurociencias, Liderazgo, Innovaci\u00f3n, Gerencia Estrat\u00e9gica, Finanzas, Mercadeo, Sicolog\u00eda y Desarrollo Organizacional. <\/strong><\/p>\n\n\n\n<p style=\"font-size:24px;text-align:center\"><strong>5-Nuestra experiencia como consultores y profesores de equipos empresariales en Estados Unidos y Colombia.<\/strong><\/p>\n\n\n\n<p style=\"font-size:24px;text-align:center\"><strong>6-Nuestra experiencia como consultores y profesores de equipos empresariales en Estados Unidos y Colombia.<\/strong><\/p>\n\n\n\n<p style=\"font-size:24px;text-align:center\"><strong> 7-Publicaci\u00f3n de Libro, El C\u00f3digo Secreto de los Dioses: Los Modelos Mentales de la Competitividad, Estado del Arte de la aplicaci\u00f3n de las Neurociencias a generar elevados desempe\u00f1os individuales y de equipos empresariales, 646 p\u00e1ginas, 2015. <\/strong><\/p>\n\n\n\n<figure class=\"wp-block-image\"><img loading=\"lazy\" decoding=\"async\" width=\"345\" height=\"1200\" src=\"https:\/\/thecenterforcompetitiveness.org\/wp-content\/uploads\/2019\/03\/barra-derecha_descubre_eficacia.png\" alt=\"\" class=\"wp-image-45\" srcset=\"https:\/\/thecenterforcompetitiveness.org\/wp-content\/uploads\/2019\/03\/barra-derecha_descubre_eficacia.png 345w, https:\/\/thecenterforcompetitiveness.org\/wp-content\/uploads\/2019\/03\/barra-derecha_descubre_eficacia-250x870.png 250w, https:\/\/thecenterforcompetitiveness.org\/wp-content\/uploads\/2019\/03\/barra-derecha_descubre_eficacia-120x417.png 120w\" sizes=\"auto, (max-width: 345px) 100vw, 345px\" \/><\/figure>\n\n\n\n<p style=\"font-size:24px;text-align:center\"><strong>Con estos conocimientos y herramientas que utilizamos de forma transdisciplinaria, estamos en condiciones de ofrecer programas \u00daNICOS, dise\u00f1ados espec\u00edficamente para solventar sus necesidades.  <\/strong><\/p>\n\n\n\n<p style=\"font-size:24px;text-align:center\"><strong>Como puede verse en los videos testimoniales, la aplicaci\u00f3n de nuestra metodolog\u00eda transdisciplinaria a diversos tipos de p\u00fablicos, produce los mismos positivos resultados. <\/strong><\/p>\n\n\n\n<p style=\"font-size:24px;text-align:center\"><strong>Cada uno de los trabajos efectuados con las diversas empresas y poblaciones con las que trabajamos, implica una investigaci\u00f3n de su problem\u00e1tica, con el fin de que los contenidos del programa o curso apunten a solucionar las especificidades de sus temas de importancia, as\u00ed como tambi\u00e9n, para incluir ejemplos muy espec\u00edficos, tanto de la problem\u00e1tica, como de empresas del sector que hayan alcanzado la condici\u00f3n de \u00daNICAS. <\/strong><\/p>\n\n\n\n<p style=\"font-size:24px;text-align:center\"><strong>Un programa especializado para su empresa o instituci\u00f3n es lo que Usted necesita para potenciarla hacia la producci\u00f3n de innovaciones, su posicionamiento estrat\u00e9gico, la competitividad y las m\u00e1s elevadas utilidades. Env\u00edenos sus datos y le haremos una propuesta.<\/strong><\/p>\n\n\n\n<div class=\"columns is-variable in-desktop is-8 is-vcentered is-multiline has-medium-padding-top\">\r\n  <div class=\"column is-three-fifths\">\r\n    <h3 class=\"title is-3\">Lleve este programa a su empresa o instituci\u00f3n p\u00fablica o privada<\/h3>\r\n    <p class=\"subtitle is-5\">Entrena a tu equipo y compa\u00f1eros en liderazgo e innovaci\u00f3n empresarial.<\/p>\r\n    <a class=\"button alt\">\r\n      <span class=\"icon\">\r\n        <i class=\"far fa-envelope\"><\/i>\r\n      <\/span>\r\n      <span>Informacion@thecenterforcompetitiveness.org<\/span>\r\n    <\/a>\r\n  <\/div>\r\n  <div class=\"column\">\r\n      <p class=\"subtitle is-6\">Dejanos tus datos y te contactaremos para crearte un programa especializado<\/p>\r\n      <a href=\"\" class=\"button is-yellow opener\" data-modal=\"formmodal\">Click AQU\u00cd<\/a>\r\n  <\/div>\r\n<\/div>\r\n\n","protected":false},"excerpt":{"rendered":"Si usted tiene una problem\u00e1tica espec\u00edfica, cons\u00faltenos. Nuestros programas est\u00e1n basados en una metodolog\u00eda transdisciplinaria, de la que tenemos Propiedad Intelectual, que suma nuestra experiencia empresarial de m\u00e1s de 30 a\u00f1os: Construimos nuestros programas con base en nuestra experiencia en seis \u00e1reas. 1- En la creaci\u00f3n de grandes empresas e instituciones en Colombia y Estados&#8230; <a class=\"view-article\" href=\"https:\/\/thecenterforcompetitiveness.org\/index.php\/programas-especializados\/\">View Article<\/a>","protected":false},"author":2,"featured_media":0,"parent":0,"menu_order":0,"comment_status":"closed","ping_status":"closed","template":"templates\/lideres.php","meta":{"_monsterinsights_skip_tracking":false,"_monsterinsights_sitenote_active":false,"_monsterinsights_sitenote_note":"","_monsterinsights_sitenote_category":0,"footnotes":""},"categories":[],"tags":[],"class_list":["post-85","page","type-page","status-publish","hentry"],"_links":{"self":[{"href":"https:\/\/thecenterforcompetitiveness.org\/index.php\/wp-json\/wp\/v2\/pages\/85","targetHints":{"allow":["GET"]}}],"collection":[{"href":"https:\/\/thecenterforcompetitiveness.org\/index.php\/wp-json\/wp\/v2\/pages"}],"about":[{"href":"https:\/\/thecenterforcompetitiveness.org\/index.php\/wp-json\/wp\/v2\/types\/page"}],"author":[{"embeddable":true,"href":"https:\/\/thecenterforcompetitiveness.org\/index.php\/wp-json\/wp\/v2\/users\/2"}],"replies":[{"embeddable":true,"href":"https:\/\/thecenterforcompetitiveness.org\/index.php\/wp-json\/wp\/v2\/comments?post=85"}],"version-history":[{"count":0,"href":"https:\/\/thecenterforcompetitiveness.org\/index.php\/wp-json\/wp\/v2\/pages\/85\/revisions"}],"wp:attachment":[{"href":"https:\/\/thecenterforcompetitiveness.org\/index.php\/wp-json\/wp\/v2\/media?parent=85"}],"wp:term":[{"taxonomy":"category","embeddable":true,"href":"https:\/\/thecenterforcompetitiveness.org\/index.php\/wp-json\/wp\/v2\/categories?post=85"},{"taxonomy":"post_tag","embeddable":true,"href":"https:\/\/thecenterforcompetitiveness.org\/index.php\/wp-json\/wp\/v2\/tags?post=85"}],"curies":[{"name":"wp","href":"https:\/\/api.w.org\/{rel}","templated":true}]}}